{"id":2,"date":"2024-06-02T18:43:43","date_gmt":"2024-06-02T16:43:43","guid":{"rendered":"http:\/\/passyexperiencemontagne.fr\/?page_id=2"},"modified":"2024-06-02T20:13:53","modified_gmt":"2024-06-02T18:13:53","slug":"page-d-exemple","status":"publish","type":"page","link":"https:\/\/passyexperiencemontagne.fr\/index.php\/page-d-exemple\/","title":{"rendered":"Bienvenue"},"content":{"rendered":"\n<p>Le site est en cours de construction<\/p>\n\n\n\n<blockquote class=\"wp-block-quote is-layout-flow wp-block-quote-is-layout-flow\">\n<p>Vous trouverez bient\u00f4t toutes les informations dont vous aurez besoin pour permettre \u00e0 votre enfant de d\u00e9couvrir les sports et les m\u00e9tiers de la montagne.<\/p>\n<\/blockquote>\n\n\n\n<p>\u2026adulte ou enfant\u00a0:<\/p>\n\n\n\n<blockquote class=\"wp-block-quote is-layout-flow wp-block-quote-is-layout-flow\">\n<p>du loisir \u00e0 la comp\u00e9tition. Un accompagnement personnalis\u00e9 ou en groupes en fonction de votre niveau. <\/p>\n<\/blockquote>\n\n\n\n<p>A bient\u00f4t <\/p>\n","protected":false},"excerpt":{"rendered":"<p>Le site est en cours de construction Vous trouverez bient\u00f4t toutes les informations dont vous aurez besoin pour permettre \u00e0 votre enfant de d\u00e9couvrir les sports et les m\u00e9tiers de la montagne. \u2026adulte ou enfant\u00a0: du loisir \u00e0 la comp\u00e9tition. Un accompagnement personnalis\u00e9 ou en groupes en fonction de votre niveau. A bient\u00f4t<\/p>\n","protected":false},"author":1,"featured_media":0,"parent":0,"menu_order":0,"comment_status":"closed","ping_status":"open","template":"","meta":{"footnotes":""},"class_list":["post-2","page","type-page","status-publish","hentry"],"_links":{"self":[{"href":"https:\/\/passyexperiencemontagne.fr\/index.php\/wp-json\/wp\/v2\/pages\/2","targetHints":{"allow":["GET"]}}],"collection":[{"href":"https:\/\/passyexperiencemontagne.fr\/index.php\/wp-json\/wp\/v2\/pages"}],"about":[{"href":"https:\/\/passyexperiencemontagne.fr\/index.php\/wp-json\/wp\/v2\/types\/page"}],"author":[{"embeddable":true,"href":"https:\/\/passyexperiencemontagne.fr\/index.php\/wp-json\/wp\/v2\/users\/1"}],"replies":[{"embeddable":true,"href":"https:\/\/passyexperiencemontagne.fr\/index.php\/wp-json\/wp\/v2\/comments?post=2"}],"version-history":[{"count":2,"href":"https:\/\/passyexperiencemontagne.fr\/index.php\/wp-json\/wp\/v2\/pages\/2\/revisions"}],"predecessor-version":[{"id":13,"href":"https:\/\/passyexperiencemontagne.fr\/index.php\/wp-json\/wp\/v2\/pages\/2\/revisions\/13"}],"wp:attachment":[{"href":"https:\/\/passyexperiencemontagne.fr\/index.php\/wp-json\/wp\/v2\/media?parent=2"}],"curies":[{"name":"wp","href":"https:\/\/api.w.org\/{rel}","templated":true}]}}